{"id":5,"date":"2014-03-06T09:49:42","date_gmt":"2014-03-06T09:49:42","guid":{"rendered":"http:\/\/cluberasmus.zeus.umh.es\/presentacion\/"},"modified":"2024-11-06T13:33:00","modified_gmt":"2024-11-06T12:33:00","slug":"presentacion","status":"publish","type":"page","link":"https:\/\/cluberasmus.umh.es\/en\/","title":{"rendered":"Presentaci\u00f3n"},"content":{"rendered":"<p>P\u00e1gina de presentaci\u00f3n de la unidad organizativa<\/p>","protected":false},"excerpt":{"rendered":"<p>P\u00e1gina de presentaci\u00f3n de la unidad organizativa<\/p>\n","protected":false},"author":1,"featured_media":0,"parent":0,"menu_order":0,"comment_status":"closed","ping_status":"open","template":"","meta":{"ngg_post_thumbnail":0,"_links_to":"","_links_to_target":""},"yoast_head":"<!-- This site is optimized with the Yoast SEO plugin v17.5 - https:\/\/yoast.com\/wordpress\/plugins\/seo\/ -->\n<meta name=\"robots\" content=\"index, follow, max-snippet:-1, max-image-preview:large, max-video-preview:-1\" \/>\n<link rel=\"canonical\" href=\"https:\/\/cluberasmus.umh.es\/en\/\" \/>\n<meta property=\"og:locale\" content=\"en_US\" \/>\n<meta property=\"og:type\" content=\"article\" \/>\n<meta property=\"og:title\" content=\"Presentaci\u00f3n - Club Erasmus\" \/>\n<meta property=\"og:description\" content=\"P\u00e1gina de presentaci\u00f3n de la unidad organizativa\" \/>\n<meta property=\"og:url\" content=\"https:\/\/cluberasmus.umh.es\/ca\/\" \/>\n<meta property=\"og:site_name\" content=\"Club Erasmus\" \/>\n<meta property=\"article:modified_time\" content=\"2024-11-06T12:33:00+00:00\" \/>\n<meta property=\"og:image\" content=\"https:\/\/cluberasmus.umh.es\/files\/2024\/11\/Logo-Erasmus-300x120.jpg\" \/>\n<meta name=\"twitter:card\" content=\"summary_large_image\" \/>\n<script type=\"application\/ld+json\" class=\"yoast-schema-graph\">{\"@context\":\"https:\/\/schema.org\",\"@graph\":[{\"@type\":\"WebSite\",\"@id\":\"https:\/\/cluberasmus.umh.es\/ca\/#website\",\"url\":\"https:\/\/cluberasmus.umh.es\/ca\/\",\"name\":\"Club Erasmus\",\"description\":\"Universidad Miguel Hern\\u00e1ndez de Elche\",\"potentialAction\":[{\"@type\":\"SearchAction\",\"target\":{\"@type\":\"EntryPoint\",\"urlTemplate\":\"https:\/\/cluberasmus.umh.es\/ca\/?s={search_term_string}\"},\"query-input\":\"required name=search_term_string\"}],\"inLanguage\":\"en-US\"},{\"@type\":\"ImageObject\",\"@id\":\"https:\/\/cluberasmus.umh.es\/ca\/#primaryimage\",\"inLanguage\":\"en-US\",\"url\":\"https:\/\/cluberasmus.umh.es\/files\/2024\/11\/Logo-Erasmus.jpg\",\"contentUrl\":\"https:\/\/cluberasmus.umh.es\/files\/2024\/11\/Logo-Erasmus.jpg\",\"width\":566,\"height\":226},{\"@type\":\"WebPage\",\"@id\":\"https:\/\/cluberasmus.umh.es\/ca\/#webpage\",\"url\":\"https:\/\/cluberasmus.umh.es\/ca\/\",\"name\":\"Presentaci\\u00f3n - Club Erasmus\",\"isPartOf\":{\"@id\":\"https:\/\/cluberasmus.umh.es\/ca\/#website\"},\"primaryImageOfPage\":{\"@id\":\"https:\/\/cluberasmus.umh.es\/ca\/#primaryimage\"},\"datePublished\":\"2014-03-06T09:49:42+00:00\",\"dateModified\":\"2024-11-06T12:33:00+00:00\",\"breadcrumb\":{\"@id\":\"https:\/\/cluberasmus.umh.es\/ca\/#breadcrumb\"},\"inLanguage\":\"en-US\",\"potentialAction\":[{\"@type\":\"ReadAction\",\"target\":[\"https:\/\/cluberasmus.umh.es\/ca\/\"]}]},{\"@type\":\"BreadcrumbList\",\"@id\":\"https:\/\/cluberasmus.umh.es\/ca\/#breadcrumb\",\"itemListElement\":[{\"@type\":\"ListItem\",\"position\":1,\"name\":\"Portada\",\"item\":\"https:\/\/cluberasmus.umh.es\/ca\/\"},{\"@type\":\"ListItem\",\"position\":2,\"name\":\"Presentaci\\u00f3n\"}]}]}<\/script>\n<!-- \/ Yoast SEO plugin. -->","yoast_head_json":{"robots":{"index":"index","follow":"follow","max-snippet":"max-snippet:-1","max-image-preview":"max-image-preview:large","max-video-preview":"max-video-preview:-1"},"canonical":"https:\/\/cluberasmus.umh.es\/en\/","og_locale":"en_US","og_type":"article","og_title":"Presentaci\u00f3n - Club Erasmus","og_description":"P\u00e1gina de presentaci\u00f3n de la unidad organizativa","og_url":"https:\/\/cluberasmus.umh.es\/ca\/","og_site_name":"Club Erasmus","article_modified_time":"2024-11-06T12:33:00+00:00","og_image":[{"url":"https:\/\/cluberasmus.umh.es\/files\/2024\/11\/Logo-Erasmus-300x120.jpg"}],"twitter_card":"summary_large_image","schema":{"@context":"https:\/\/schema.org","@graph":[{"@type":"WebSite","@id":"https:\/\/cluberasmus.umh.es\/ca\/#website","url":"https:\/\/cluberasmus.umh.es\/ca\/","name":"Club Erasmus","description":"Universidad Miguel Hern\u00e1ndez de Elche","potentialAction":[{"@type":"SearchAction","target":{"@type":"EntryPoint","urlTemplate":"https:\/\/cluberasmus.umh.es\/ca\/?s={search_term_string}"},"query-input":"required name=search_term_string"}],"inLanguage":"en-US"},{"@type":"ImageObject","@id":"https:\/\/cluberasmus.umh.es\/ca\/#primaryimage","inLanguage":"en-US","url":"https:\/\/cluberasmus.umh.es\/files\/2024\/11\/Logo-Erasmus.jpg","contentUrl":"https:\/\/cluberasmus.umh.es\/files\/2024\/11\/Logo-Erasmus.jpg","width":566,"height":226},{"@type":"WebPage","@id":"https:\/\/cluberasmus.umh.es\/ca\/#webpage","url":"https:\/\/cluberasmus.umh.es\/ca\/","name":"Presentaci\u00f3n - Club Erasmus","isPartOf":{"@id":"https:\/\/cluberasmus.umh.es\/ca\/#website"},"primaryImageOfPage":{"@id":"https:\/\/cluberasmus.umh.es\/ca\/#primaryimage"},"datePublished":"2014-03-06T09:49:42+00:00","dateModified":"2024-11-06T12:33:00+00:00","breadcrumb":{"@id":"https:\/\/cluberasmus.umh.es\/ca\/#breadcrumb"},"inLanguage":"en-US","potentialAction":[{"@type":"ReadAction","target":["https:\/\/cluberasmus.umh.es\/ca\/"]}]},{"@type":"BreadcrumbList","@id":"https:\/\/cluberasmus.umh.es\/ca\/#breadcrumb","itemListElement":[{"@type":"ListItem","position":1,"name":"Portada","item":"https:\/\/cluberasmus.umh.es\/ca\/"},{"@type":"ListItem","position":2,"name":"Presentaci\u00f3n"}]}]}},"_links":{"self":[{"href":"https:\/\/cluberasmus.umh.es\/en\/wp-json\/wp\/v2\/pages\/5"}],"collection":[{"href":"https:\/\/cluberasmus.umh.es\/en\/wp-json\/wp\/v2\/pages"}],"about":[{"href":"https:\/\/cluberasmus.umh.es\/en\/wp-json\/wp\/v2\/types\/page"}],"author":[{"embeddable":true,"href":"https:\/\/cluberasmus.umh.es\/en\/wp-json\/wp\/v2\/users\/1"}],"replies":[{"embeddable":true,"href":"https:\/\/cluberasmus.umh.es\/en\/wp-json\/wp\/v2\/comments?post=5"}],"version-history":[{"count":0,"href":"https:\/\/cluberasmus.umh.es\/en\/wp-json\/wp\/v2\/pages\/5\/revisions"}],"wp:attachment":[{"href":"https:\/\/cluberasmus.umh.es\/en\/wp-json\/wp\/v2\/media?parent=5"}],"curies":[{"name":"wp","href":"https:\/\/api.w.org\/{rel}","templated":true}]}}